{"id":8712,"date":"2017-09-07T09:31:31","date_gmt":"2017-09-07T09:31:31","guid":{"rendered":"http:\/\/rc-contact.fr\/?page_id=8712"},"modified":"2017-10-23T18:01:09","modified_gmt":"2017-10-23T18:01:09","slug":"donnees-de-conception","status":"publish","type":"page","link":"http:\/\/rc-contact.fr\/?page_id=8712","title":{"rendered":"Donn\u00e9es de conception"},"content":{"rendered":"<div id=\"pl-8712\"  class=\"panel-layout\" ><div id=\"pg-8712-0\"  class=\"panel-grid panel-no-style\" ><div id=\"pgc-8712-0-0\"  class=\"panel-grid-cell\" ><div id=\"panel-8712-0-0-0\" class=\"so-panel widget widget_themegrill_flash_image tg-widget tg-image-widget panel-first-child\" data-index=\"0\" >\t<img src=\"http:\/\/rc-contact.fr\/wp-content\/uploads\/2017\/09\/direction3.jpg\" \/>\n<\/div><div id=\"panel-8712-0-0-1\" class=\"so-panel widget widget_black-studio-tinymce widget_black_studio_tinymce panel-last-child\" data-index=\"1\" ><div class=\"textwidget\"><p>Contact320 Slight (2014)<\/p>\n<\/div><\/div><\/div><\/div><div id=\"pg-8712-1\"  class=\"panel-grid panel-no-style\" ><div id=\"pgc-8712-1-0\"  class=\"panel-grid-cell\" ><div id=\"panel-8712-1-0-0\" class=\"so-panel widget widget_black-studio-tinymce widget_black_studio_tinymce panel-first-child panel-last-child\" data-index=\"2\" ><div class=\"panel-widget-style panel-widget-style-for-8712-1-0-0\" ><div class=\"textwidget\"><p>Lorsqu'une voiture classique \u00e9volue sur un circuit, c'est le chassis qui par ses d\u00e9formations assure une liaison \u00e9lastique des 4 roues au sol et donc se substitue d'une certaine mani\u00e8re aux suspensions. Il est donc fondamental que la commande de direction ne perturbe pas le travail du chassis.<br> Il faut donc s'assurer que de la<strong> commande de direction<\/strong> (servo + sauve servo) soit <strong>fix\u00e9e sur le train avant ou bien sur la plaque de train avant<\/strong>.<br> L'ensemble pouvant bien s\u00fbr \u00eatre articul\u00e9 par rapport au chassis.<\/p><\/div><\/div><\/div><\/div><\/div><div id=\"pg-8712-2\"  class=\"panel-grid panel-no-style\" ><div id=\"pgc-8712-2-0\"  class=\"panel-grid-cell\" ><div id=\"panel-8712-2-0-0\" class=\"so-panel widget widget_themegrill_flash_heading tg-widget section-title-wrapper panel-first-child\" data-index=\"3\" >\t<h3 class=\"section-title\">Protection du servo de direction<\/h3>\n<\/div><div id=\"panel-8712-2-0-1\" class=\"so-panel widget widget_black-studio-tinymce widget_black_studio_tinymce panel-last-child\" data-index=\"4\" ><div class=\"panel-widget-style panel-widget-style-for-8712-2-0-1\" ><div class=\"textwidget\">Il est essentiel de pr\u00e9voir une protection du servo de direction en cas de choc.\nIl existe aujourd'hui 2 \u00e9coles en la mati\u00e8re bas\u00e9es sur 2 types de sauves servo:\nLe sauve servo classique \u00e0 came et le sauve servo de type \"kimbrough\".\nCes 2 concepts aboutissent \u00e0 des implantations compl\u00e8tement diff\u00e9rentes de la commande de direction<\/div><\/div><\/div><\/div><\/div><div id=\"pg-8712-3\"  class=\"panel-grid panel-no-style\" ><div id=\"pgc-8712-3-0\"  class=\"panel-grid-cell\" ><div id=\"panel-8712-3-0-0\" class=\"so-panel widget widget_black-studio-tinymce widget_black_studio_tinymce panel-first-child\" data-index=\"5\" ><h3 class=\"widget-title\">Sauve servo de type \u00ab\u00a0kimbrough\u00a0\u00bb<\/h3><div class=\"textwidget\"><\/div><\/div><div id=\"panel-8712-3-0-1\" class=\"so-panel widget widget_black-studio-tinymce widget_black_studio_tinymce panel-last-child\" data-index=\"6\" ><div class=\"textwidget\"><p>L'int\u00e9gration de ce type de sauve servo est tr\u00e8s simple car il se monte directement sur l'axe de sortie du servo.<br \/> <strong>Points forts<\/strong> : Simplicit\u00e9, compacit\u00e9, prix<br \/> <strong>Points faibles<\/strong> : D\u00e9montage d\u00e9licat, fiabilit\u00e9 de certains mod\u00e8les.<\/p>\n<\/div><\/div><\/div><\/div><div id=\"pg-8712-4\"  class=\"panel-grid panel-no-style\" ><div id=\"pgc-8712-4-0\"  class=\"panel-grid-cell\" ><div id=\"panel-8712-4-0-0\" class=\"so-panel widget widget_themegrill_flash_image tg-widget tg-image-widget panel-first-child\" data-index=\"7\" ><div class=\"panel-widget-style panel-widget-style-for-8712-4-0-0\" >\t<img src=\"http:\/\/rc-contact.fr\/wp-content\/uploads\/2017\/09\/kim-1.jpg\" \/>\n<\/div><\/div><div id=\"panel-8712-4-0-1\" class=\"so-panel widget widget_black-studio-tinymce widget_black_studio_tinymce panel-last-child\" data-index=\"8\" ><div class=\"textwidget\"><p style=\"text-align: left;\">Exemple d'utilisation d'un sauve servo \"kimbrough\" avec le servo mont\u00e9 t\u00eate en haut<\/p>\n<\/div><\/div><\/div><div id=\"pgc-8712-4-1\"  class=\"panel-grid-cell\" ><div id=\"panel-8712-4-1-0\" class=\"so-panel widget widget_themegrill_flash_image tg-widget tg-image-widget panel-first-child\" data-index=\"9\" ><div class=\"panel-widget-style panel-widget-style-for-8712-4-1-0\" >\t<img src=\"http:\/\/rc-contact.fr\/wp-content\/uploads\/2017\/09\/kim2.jpg\" \/>\n<\/div><\/div><div id=\"panel-8712-4-1-1\" class=\"so-panel widget widget_black-studio-tinymce widget_black_studio_tinymce panel-last-child\" data-index=\"10\" ><div class=\"textwidget\"><p style=\"text-align: left;\">Exemple d'utilisation d'un sauve servo \"kimbrough\" avec le servo mont\u00e9 t\u00eate en bas.<\/p>\n<\/div><\/div><\/div><\/div><div id=\"pg-8712-5\"  class=\"panel-grid panel-no-style\" ><div id=\"pgc-8712-5-0\"  class=\"panel-grid-cell\" ><div id=\"panel-8712-5-0-0\" class=\"so-panel widget widget_black-studio-tinymce widget_black_studio_tinymce panel-first-child\" data-index=\"11\" ><h3 class=\"widget-title\">Sauve servo \u00ab\u00a0gueule de loup\u00a0\u00bb<\/h3><div class=\"textwidget\"><\/div><\/div><div id=\"panel-8712-5-0-1\" class=\"so-panel widget widget_black-studio-tinymce widget_black_studio_tinymce panel-last-child\" data-index=\"12\" ><div class=\"textwidget\"><p>Ce sauve servo poss\u00e8de un syst\u00e8me de came qui permet d'absorber l'\u00e9nergie d'un choc par compression d'un ressort de raideur \u00e9l\u00e9v\u00e9e.<br \/>L'int\u00e9gration de ce type de sauve servo est un peu plus complexe que celle d'un sauve servo de type \"kimbrough\" car d'une part il doit \u00eatre maintenu et guid\u00e9 en rotation autour d'un axe et d'autre part, il doit \u00eatre reli\u00e9 au servo de direction par une biellette, ce qui g\u00e9n\u00e8re un encombrement sup\u00e9rieur.<br \/><strong>Points forts<\/strong> : R\u00e9glage de duret\u00e9, fiabilit\u00e9 et pr\u00e9cision<br \/><strong>Points faibles<\/strong> : complexit\u00e9, encombrement, prix<\/p>\n<\/div><\/div><\/div><\/div><div id=\"pg-8712-6\"  class=\"panel-grid panel-no-style\" ><div id=\"pgc-8712-6-0\"  class=\"panel-grid-cell\" ><div id=\"panel-8712-6-0-0\" class=\"so-panel widget widget_themegrill_flash_image tg-widget tg-image-widget panel-first-child\" data-index=\"13\" ><div class=\"panel-widget-style panel-widget-style-for-8712-6-0-0\" >\t<img src=\"http:\/\/rc-contact.fr\/wp-content\/uploads\/2017\/09\/sservo_std.jpg\" \/>\n<\/div><\/div><div id=\"panel-8712-6-0-1\" class=\"so-panel widget widget_black-studio-tinymce widget_black_studio_tinymce panel-last-child\" data-index=\"14\" ><div class=\"textwidget\"><p style=\"text-align: left;\">Exemple d'utilisation d'un sauve servo \u00e0 came avec le &nbsp;servo d\u00e9port\u00e9 en position couch\u00e9e.<\/p>\n<\/div><\/div><\/div><div id=\"pgc-8712-6-1\"  class=\"panel-grid-cell\" ><div id=\"panel-8712-6-1-0\" class=\"so-panel widget widget_themegrill_flash_image tg-widget tg-image-widget panel-first-child\" data-index=\"15\" ><div class=\"panel-widget-style panel-widget-style-for-8712-6-1-0\" >\t<img src=\"http:\/\/rc-contact.fr\/wp-content\/uploads\/2017\/09\/sservo_std2.jpg\" \/>\n<\/div><\/div><div id=\"panel-8712-6-1-1\" class=\"so-panel widget widget_black-studio-tinymce widget_black_studio_tinymce panel-last-child\" data-index=\"16\" ><div class=\"textwidget\"><p style=\"text-align: left;\">Exemple d'utilisation d'un sauve servo \u00e0 came avec le servo dans l'axe en position verticale t\u00eate en haut.<\/p>\n<\/div><\/div><\/div><\/div><div id=\"pg-8712-7\"  class=\"panel-grid panel-no-style\" ><div id=\"pgc-8712-7-0\"  class=\"panel-grid-cell\" ><div id=\"panel-8712-7-0-0\" class=\"so-panel widget widget_black-studio-tinymce widget_black_studio_tinymce panel-first-child panel-last-child\" data-index=\"17\" ><div class=\"panel-widget-style panel-widget-style-for-8712-7-0-0\" ><div class=\"textwidget\"><\/div><\/div><\/div><\/div><\/div><\/div>","protected":false},"excerpt":{"rendered":"<p>Contact320 Slight (2014) Lorsqu&rsquo;une voiture classique \u00e9volue sur un circuit, c&rsquo;est le chassis qui par ses d\u00e9formations assure une liaison [&hellip;]<\/p>\n","protected":false},"author":1,"featured_media":0,"parent":8688,"menu_order":0,"comment_status":"closed","ping_status":"closed","template":"page-templates\/full-width.php","meta":{"ngg_post_thumbnail":0},"_links":{"self":[{"href":"http:\/\/rc-contact.fr\/index.php?rest_route=\/wp\/v2\/pages\/8712"}],"collection":[{"href":"http:\/\/rc-contact.fr\/index.php?rest_route=\/wp\/v2\/pages"}],"about":[{"href":"http:\/\/rc-contact.fr\/index.php?rest_route=\/wp\/v2\/types\/page"}],"author":[{"embeddable":true,"href":"http:\/\/rc-contact.fr\/index.php?rest_route=\/wp\/v2\/users\/1"}],"replies":[{"embeddable":true,"href":"http:\/\/rc-contact.fr\/index.php?rest_route=%2Fwp%2Fv2%2Fcomments&post=8712"}],"version-history":[{"count":156,"href":"http:\/\/rc-contact.fr\/index.php?rest_route=\/wp\/v2\/pages\/8712\/revisions"}],"predecessor-version":[{"id":12526,"href":"http:\/\/rc-contact.fr\/index.php?rest_route=\/wp\/v2\/pages\/8712\/revisions\/12526"}],"up":[{"embeddable":true,"href":"http:\/\/rc-contact.fr\/index.php?rest_route=\/wp\/v2\/pages\/8688"}],"wp:attachment":[{"href":"http:\/\/rc-contact.fr\/index.php?rest_route=%2Fwp%2Fv2%2Fmedia&parent=8712"}],"curies":[{"name":"wp","href":"https:\/\/api.w.org\/{rel}","templated":true}]}}