{"id":3341,"date":"2017-08-16T12:20:52","date_gmt":"2017-08-16T12:20:52","guid":{"rendered":"http:\/\/rc-contact.fr\/?page_id=3341"},"modified":"2017-08-16T21:55:31","modified_gmt":"2017-08-16T21:55:31","slug":"cinematique-generale","status":"publish","type":"page","link":"http:\/\/rc-contact.fr\/?page_id=3341","title":{"rendered":"Cin\u00e9matique g\u00e9n\u00e9rale"},"content":{"rendered":"<div id=\"pl-3341\"  class=\"panel-layout\" ><div id=\"pg-3341-0\"  class=\"panel-grid panel-no-style\" ><div id=\"pgc-3341-0-0\"  class=\"panel-grid-cell\" ><div id=\"panel-3341-0-0-0\" class=\"so-panel widget widget_black-studio-tinymce widget_black_studio_tinymce panel-first-child panel-last-child\" data-index=\"0\" ><div class=\"panel-widget-style panel-widget-style-for-3341-0-0-0\" ><div class=\"textwidget\"><p align=\"justify\">On entend par cin\u00e9matique g\u00e9n\u00e9rale, une \u00e9ventuelle articulation du train avant ou du train arri\u00e8re par rapport au chassis. On peut fixer ces \u00e9l\u00e9ments de mani\u00e8re rigide, mais il est <strong>autoris\u00e9<\/strong> <strong>et conseill\u00e9<\/strong> de pr\u00e9voir une articulation longitudinale pour <strong>l'un de ces 2 \u00e9l\u00e9ments<\/strong>. Aujourd'hui, pr\u00e8s de 100% des voitures classiques utilis\u00e9es en comp\u00e9tition poss\u00e8dent un <strong>train avant oscillant.<\/strong><\/p>\n<\/div><\/div><\/div><\/div><\/div><div id=\"pg-3341-1\"  class=\"panel-grid panel-no-style\" ><div id=\"pgc-3341-1-0\"  class=\"panel-grid-cell\" ><div id=\"panel-3341-1-0-0\" class=\"so-panel widget widget_themegrill_flash_service tg-widget tg-single-service panel-first-child panel-last-child\" data-index=\"1\" ><div class=\"panel-widget-style panel-widget-style-for-3341-1-0-0\" >\n<div class=\"tg-service-widget tg-service-layout-1\">\n\t<div class=\"service-wrapper\">\n\t\t<div class=\"service-icon-title-wrapper clearfix\">\n\t\t\t\t\t\t\t\t\t<figure class=\"service-image-wrap\"><img src=\"http:\/\/rc-contact.fr\/wp-content\/uploads\/2017\/08\/train_fix_anim_opt-1.gif\" \/><\/figure>\n\t\t\t\t\t\t\t\t\t<h3 class=\"service-title-wrap\">\n\t\t\t\t\t\t\t\t<a href=\"http:\/\/rc-contact.fr\/?page_id=3264\">\n\t\t\t\tTrains fixes\t\t\t\t\t\t\t\t<\/a>\n\t\t\t\t\t\t\t<\/h3>\n\t\t\t\t\t<\/div>\n\t\t\t\t<div class=\"service-content-wrap\">Dans cette configuration, tous les \u00e9l\u00e9ments sont fix\u00e9s sur le chassis sans aucune articulation. C'est la planche \u00e0 roulettes dans sa plus simple expression.......<\/div>\n\t\t\t\t\t\t<a class=\"service-more\" href=\"http:\/\/rc-contact.fr\/?page_id=3264\">Lire la suite<\/a>\n\t\t\t<\/div>\n<\/div>\n<\/div><\/div><\/div><div id=\"pgc-3341-1-1\"  class=\"panel-grid-cell\" ><div id=\"panel-3341-1-1-0\" class=\"so-panel widget widget_themegrill_flash_service tg-widget tg-single-service panel-first-child panel-last-child\" data-index=\"2\" ><div class=\"panel-widget-style panel-widget-style-for-3341-1-1-0\" >\n<div class=\"tg-service-widget tg-service-layout-1\">\n\t<div class=\"service-wrapper\">\n\t\t<div class=\"service-icon-title-wrapper clearfix\">\n\t\t\t\t\t\t\t\t\t<figure class=\"service-image-wrap\"><img src=\"http:\/\/rc-contact.fr\/wp-content\/uploads\/2017\/08\/tav_anim_opt-01.gif\" \/><\/figure>\n\t\t\t\t\t\t\t\t\t<h3 class=\"service-title-wrap\">\n\t\t\t\t\t\t\t\t<a href=\"http:\/\/rc-contact.fr\/?page_id=3266\">\n\t\t\t\tTrain avant oscillant\t\t\t\t\t\t\t\t<\/a>\n\t\t\t\t\t\t\t<\/h3>\n\t\t\t\t\t<\/div>\n\t\t\t\t<div class=\"service-content-wrap\">Dans cette configuration, le train avant est fix\u00e9 sur une plaque articul\u00e9e par rapport au chassis......<\/div>\n\t\t\t\t\t\t<a class=\"service-more\" href=\"http:\/\/rc-contact.fr\/?page_id=3266\">Lire la suite<\/a>\n\t\t\t<\/div>\n<\/div>\n<\/div><\/div><\/div><div id=\"pgc-3341-1-2\"  class=\"panel-grid-cell\" ><div id=\"panel-3341-1-2-0\" class=\"so-panel widget widget_themegrill_flash_service tg-widget tg-single-service panel-first-child panel-last-child\" data-index=\"3\" ><div class=\"panel-widget-style panel-widget-style-for-3341-1-2-0\" >\n<div class=\"tg-service-widget tg-service-layout-1\">\n\t<div class=\"service-wrapper\">\n\t\t<div class=\"service-icon-title-wrapper clearfix\">\n\t\t\t\t\t\t\t\t\t<figure class=\"service-image-wrap\"><img src=\"http:\/\/rc-contact.fr\/wp-content\/uploads\/2017\/08\/tar_anim_opt-01.gif\" \/><\/figure>\n\t\t\t\t\t\t\t\t\t<h3 class=\"service-title-wrap\">\n\t\t\t\t\t\t\t\t<a href=\"http:\/\/rc-contact.fr\/?page_id=3268\">\n\t\t\t\tTrain arri\u00e8re oscillant\t\t\t\t\t\t\t\t<\/a>\n\t\t\t\t\t\t\t<\/h3>\n\t\t\t\t\t<\/div>\n\t\t\t\t<div class=\"service-content-wrap\">Dans cette configuration, le train arri\u00e8re est articul\u00e9 par rapport au chassis. L'objectif du train arri\u00e8re oscillant ......<\/div>\n\t\t\t\t\t\t<a class=\"service-more\" href=\"http:\/\/rc-contact.fr\/?page_id=3268\">Lire la suite<\/a>\n\t\t\t<\/div>\n<\/div>\n<\/div><\/div><\/div><\/div><\/div>","protected":false},"excerpt":{"rendered":"<p>On entend par cin\u00e9matique g\u00e9n\u00e9rale, une \u00e9ventuelle articulation du train avant ou du train arri\u00e8re par rapport au chassis. On [&hellip;]<\/p>\n","protected":false},"author":1,"featured_media":0,"parent":2024,"menu_order":0,"comment_status":"closed","ping_status":"closed","template":"","meta":{"ngg_post_thumbnail":0},"_links":{"self":[{"href":"http:\/\/rc-contact.fr\/index.php?rest_route=\/wp\/v2\/pages\/3341"}],"collection":[{"href":"http:\/\/rc-contact.fr\/index.php?rest_route=\/wp\/v2\/pages"}],"about":[{"href":"http:\/\/rc-contact.fr\/index.php?rest_route=\/wp\/v2\/types\/page"}],"author":[{"embeddable":true,"href":"http:\/\/rc-contact.fr\/index.php?rest_route=\/wp\/v2\/users\/1"}],"replies":[{"embeddable":true,"href":"http:\/\/rc-contact.fr\/index.php?rest_route=%2Fwp%2Fv2%2Fcomments&post=3341"}],"version-history":[{"count":13,"href":"http:\/\/rc-contact.fr\/index.php?rest_route=\/wp\/v2\/pages\/3341\/revisions"}],"predecessor-version":[{"id":3725,"href":"http:\/\/rc-contact.fr\/index.php?rest_route=\/wp\/v2\/pages\/3341\/revisions\/3725"}],"up":[{"embeddable":true,"href":"http:\/\/rc-contact.fr\/index.php?rest_route=\/wp\/v2\/pages\/2024"}],"wp:attachment":[{"href":"http:\/\/rc-contact.fr\/index.php?rest_route=%2Fwp%2Fv2%2Fmedia&parent=3341"}],"curies":[{"name":"wp","href":"https:\/\/api.w.org\/{rel}","templated":true}]}}