{"id":3264,"date":"2017-08-16T08:43:45","date_gmt":"2017-08-16T08:43:45","guid":{"rendered":"http:\/\/rc-contact.fr\/?page_id=3264"},"modified":"2017-08-16T16:40:32","modified_gmt":"2017-08-16T16:40:32","slug":"trains-fixes","status":"publish","type":"page","link":"http:\/\/rc-contact.fr\/?page_id=3264","title":{"rendered":"Trains fixes"},"content":{"rendered":"<div id=\"pl-3264\"  class=\"panel-layout\" ><div id=\"pg-3264-0\"  class=\"panel-grid panel-no-style\" ><div id=\"pgc-3264-0-0\"  class=\"panel-grid-cell\" ><div id=\"panel-3264-0-0-0\" class=\"so-panel widget widget_black-studio-tinymce widget_black_studio_tinymce panel-first-child panel-last-child\" data-index=\"0\" ><h3 class=\"widget-title\">Principe<\/h3><div class=\"textwidget\"><p>Dans cette configuration, tous les \u00e9l\u00e9ments sont fix\u00e9s sur le chassis sans aucune articulation. C'est la planche \u00e0 roulettes dans sa plus simple expression. Les seuls mouvements possibles sont ceux autoris\u00e9s par la flexion et la torsion du chassis.<\/p>\n<\/div><\/div><\/div><div id=\"pgc-3264-0-1\"  class=\"panel-grid-cell\" ><div id=\"panel-3264-0-1-0\" class=\"so-panel widget widget_themegrill_flash_image tg-widget tg-image-widget panel-first-child panel-last-child\" data-index=\"1\" >\t<img src=\"http:\/\/rc-contact.fr\/wp-content\/uploads\/2017\/08\/train_fix_anim_opt-1.gif\" \/>\n<\/div><\/div><\/div><div id=\"pg-3264-1\"  class=\"panel-grid panel-no-style\" ><div id=\"pgc-3264-1-0\"  class=\"panel-grid-cell\" ><div id=\"panel-3264-1-0-0\" class=\"so-panel widget widget_black-studio-tinymce widget_black_studio_tinymce panel-first-child panel-last-child\" data-index=\"2\" ><div class=\"panel-widget-style panel-widget-style-for-3264-1-0-0\" ><h3 class=\"widget-title\">Avantages<\/h3><div class=\"textwidget\"><p>L'avantage de cette configuration est bien s\u00fbr la simplicit\u00e9.<\/p>\n<\/div><\/div><\/div><\/div><div id=\"pgc-3264-1-1\"  class=\"panel-grid-cell\" ><div id=\"panel-3264-1-1-0\" class=\"so-panel widget widget_black-studio-tinymce widget_black_studio_tinymce panel-first-child panel-last-child\" data-index=\"3\" ><div class=\"panel-widget-style panel-widget-style-for-3264-1-1-0\" ><h3 class=\"widget-title\">Inconv\u00e9nients<\/h3><div class=\"textwidget\"><p>Le r\u00e9glage de duret\u00e9 en torsion du chassis et\u00a0de l'\u00e9quilibre global de la voiture sont plus difficile \u00e0 r\u00e9aliser, mais il existe des solutions comme par exemple l'ajout de petits \u00e9l\u00e9ments sur le chassis pour augmenter sa rigidit\u00e9 localement ou le mettre en contrainte pour gommer d'\u00e9ventuels d\u00e9fauts de plan\u00e9it\u00e9.<\/p>\n<\/div><\/div><\/div><\/div><\/div><\/div>","protected":false},"excerpt":{"rendered":"<p>Dans cette configuration, tous les \u00e9l\u00e9ments sont fix\u00e9s sur le chassis sans aucune articulation. C&rsquo;est la planche \u00e0 roulettes dans [&hellip;]<\/p>\n","protected":false},"author":1,"featured_media":0,"parent":3341,"menu_order":0,"comment_status":"closed","ping_status":"closed","template":"","meta":{"ngg_post_thumbnail":0},"_links":{"self":[{"href":"http:\/\/rc-contact.fr\/index.php?rest_route=\/wp\/v2\/pages\/3264"}],"collection":[{"href":"http:\/\/rc-contact.fr\/index.php?rest_route=\/wp\/v2\/pages"}],"about":[{"href":"http:\/\/rc-contact.fr\/index.php?rest_route=\/wp\/v2\/types\/page"}],"author":[{"embeddable":true,"href":"http:\/\/rc-contact.fr\/index.php?rest_route=\/wp\/v2\/users\/1"}],"replies":[{"embeddable":true,"href":"http:\/\/rc-contact.fr\/index.php?rest_route=%2Fwp%2Fv2%2Fcomments&post=3264"}],"version-history":[{"count":25,"href":"http:\/\/rc-contact.fr\/index.php?rest_route=\/wp\/v2\/pages\/3264\/revisions"}],"predecessor-version":[{"id":3675,"href":"http:\/\/rc-contact.fr\/index.php?rest_route=\/wp\/v2\/pages\/3264\/revisions\/3675"}],"up":[{"embeddable":true,"href":"http:\/\/rc-contact.fr\/index.php?rest_route=\/wp\/v2\/pages\/3341"}],"wp:attachment":[{"href":"http:\/\/rc-contact.fr\/index.php?rest_route=%2Fwp%2Fv2%2Fmedia&parent=3264"}],"curies":[{"name":"wp","href":"https:\/\/api.w.org\/{rel}","templated":true}]}}