{"id":2877,"date":"2017-08-13T13:13:45","date_gmt":"2017-08-13T13:13:45","guid":{"rendered":"http:\/\/rc-contact.fr\/?page_id=2877"},"modified":"2017-09-15T09:18:14","modified_gmt":"2017-09-15T09:18:14","slug":"2877-2","status":"publish","type":"page","link":"http:\/\/rc-contact.fr\/?page_id=2877","title":{"rendered":"Mat\u00e9riaux"},"content":{"rendered":"<div id=\"pl-2877\"  class=\"panel-layout\" ><div id=\"pg-2877-0\"  class=\"panel-grid panel-no-style\" ><div id=\"pgc-2877-0-0\"  class=\"panel-grid-cell\" ><div id=\"panel-2877-0-0-0\" class=\"so-panel widget widget_themegrill_flash_heading tg-widget section-title-wrapper panel-first-child panel-last-child\" data-index=\"0\" >\t<h3 class=\"section-title\">Pi\u00e8ces minces<\/h3>\n<\/div><\/div><\/div><div id=\"pg-2877-1\"  class=\"panel-grid panel-no-style\" ><div id=\"pgc-2877-1-0\"  class=\"panel-grid-cell\" ><div id=\"panel-2877-1-0-0\" class=\"so-panel widget widget_black-studio-tinymce widget_black_studio_tinymce panel-first-child panel-last-child\" data-index=\"1\" ><div class=\"textwidget\"><p>La plupart des pi\u00e8ces minces (Chassis, pod, plaque radio, supports servos ....) sont r\u00e9alis\u00e9es \u00e0 partir de mat\u00e9riaux en plaque. Les \u00e9paisseurs utilis\u00e9es sur les voitures classiques varient entre 2 et 3 mm en g\u00e9n\u00e9ral.<br \/>\nLes crit\u00e8res de choix des mat\u00e9riaux en plaques sont les suivants :<br \/>\n<strong>R\u00e9sistance m\u00e9canique<\/strong><br \/>\n<strong> Densit\u00e9<\/strong><br \/>\n<strong> Facilit\u00e9 d'approvisionnement.<\/strong><br \/>\n<strong> Le prix<\/strong><br \/>\n<strong> L'esth\u00e9tique<\/strong><br \/>\nLes principaux mat\u00e9riaux en plaques utilis\u00e9s sont des composites carbone\/\u00e9poxy, verre\/\u00e9poxy et des alliages d'aluminium.<br \/>\nChacune de ces mati\u00e8res a ses avantages et ses inconv\u00e9nients que l'on va essayer de lister ci dessous.<\/p>\n<\/div><\/div><\/div><\/div><div id=\"pg-2877-2\"  class=\"panel-grid panel-no-style\" ><div id=\"pgc-2877-2-0\"  class=\"panel-grid-cell\" ><div id=\"panel-2877-2-0-0\" class=\"so-panel widget widget_black-studio-tinymce widget_black_studio_tinymce panel-first-child\" data-index=\"2\" ><h3 class=\"widget-title\">Composite Epoxy\/Carbone<\/h3><div class=\"textwidget\"><p>Ce mat\u00e9riau d'une esth\u00e9tique \"high tech\", poss\u00e8de une densit\u00e9 tr\u00e8s faible et un module d'\u00e9lasticit\u00e9 tr\u00e8s \u00e9lev\u00e9.<br \/>\nDe plus, il est assez facile \u00e0 trouver et disponible en diff\u00e9rentes \u00e9paisseurs et formats.<br \/>\nPar contre, son prix est tr\u00e8s \u00e9lev\u00e9, il n'aime pas trop les chocs (\u00e9clats) et demande une qualit\u00e9 de r\u00e9alisation irr\u00e9prochable afin d'assurer un comportement homog\u00e8ne<\/p>\n<\/div><\/div><div id=\"panel-2877-2-0-1\" class=\"so-panel widget widget_black-studio-tinymce widget_black_studio_tinymce panel-last-child\" data-index=\"3\" ><h3 class=\"widget-title\">Alliages d&rsquo;aluminium<\/h3><div class=\"textwidget\"><p>Le \"Dural\" ou A-U4G ou encore Al 2017A est l'alliage d'aluminium le plus facile \u00e0 trouver.<br \/>\nEn \u00e9paisseurs 2 et 3mm, il est en g\u00e9n\u00e9ral disponible chez les revendeurs de mod\u00e8les r\u00e9duits dans des dimensions raisonnables (500mm x 250mm environ)<br \/>\nPour des \u00e9paisseur interm\u00e9diaires du genre 2,5mm, \u00e0 moins d'en prendre une plaque de 1mx2m, c'est plus d\u00e9licat.<br \/>\nCe mat\u00e9riau convient pour \u00e0 la r\u00e9alisation des plaques radio, des supports servos qui ne sont que peu expos\u00e9es aux chocs.<br \/>\nEn revanche, pour la r\u00e9alisation des chassis, du power pod et de la plaque de train avant, sa limite \u00e9lastique n'est pas assez \u00e9lev\u00e9e pour se garantir des d\u00e9formations permanentes en cas de chocs.<br \/>\nLe \"zicral\" ou \"ergal\"ou A-Z5GU ou encore Al 7075 est plus r\u00e9sistant et plus adapt\u00e9 pour ce type de pi\u00e8ces. Par contre, il est tr\u00e8s difficile \u00e0 trouver en plaques d'\u00e9paisseurs minces.<\/p>\n<\/div><\/div><\/div><div id=\"pgc-2877-2-1\"  class=\"panel-grid-cell\" ><div id=\"panel-2877-2-1-0\" class=\"so-panel widget widget_black-studio-tinymce widget_black_studio_tinymce panel-first-child\" data-index=\"4\" ><h3 class=\"widget-title\">Composite Epoxy\/Verre<\/h3><div class=\"textwidget\"><p>Ce mat\u00e9riau de couleur vert clair ou marron encore appel\u00e9 FR4, \u00e9tait souvent utilis\u00e9 sur les voiture classiques anciennes (PB, Fututa v, Associated RC200 et RC300, memo .... Cependant il l'est tr\u00e8s peu sur les voitures d'aujourd'hui.<br \/> La raison est probablement une question de mode ou d'esth\u00e9tique car malgr\u00e9 des caract\u00e9ristiques m\u00e9canique inf\u00e9rieures aux composites \u00e9poxy\/carbone, et une densit\u00e9 un peu sup\u00e9rieure, il est beaucoup moins cher et convient tr\u00e8s bien \u00e0 la r\u00e9alisation de chassis, plaques radio et autres supports servos sur une voiture classique.<\/p>\n<\/div><\/div><div id=\"panel-2877-2-1-1\" class=\"so-panel widget widget_black-studio-tinymce widget_black_studio_tinymce panel-last-child\" data-index=\"5\" ><h3 class=\"widget-title\">Toile bak\u00e9lis\u00e9e<\/h3><div class=\"textwidget\"><p>Ce mat\u00e9riau de couleur marron compos\u00e9 de fibres coton et de bak\u00e9lite, est disponible en plaques de diff\u00e9rentes \u00e9paisseurs et poss\u00e8de des caract\u00e9ristique m\u00e9caniques plus faibles que les mat\u00e9riaux \u00e9voqu\u00e9s pr\u00e9c\u00e9demment. Cependant, il est bien adapt\u00e9 \u00e0 la r\u00e9alisation des disques de frein car il poss\u00e8de une bonne r\u00e9sistance \u00e0 l'usure et un bon coefficient de frottement.<\/p>\n<\/div><\/div><\/div><\/div><div id=\"pg-2877-3\"  class=\"panel-grid panel-no-style\" ><div id=\"pgc-2877-3-0\"  class=\"panel-grid-cell\" ><div id=\"panel-2877-3-0-0\" class=\"so-panel widget widget_black-studio-tinymce widget_black_studio_tinymce panel-first-child panel-last-child\" data-index=\"6\" ><div class=\"textwidget\"><p>Le proc\u00e9d\u00e9 de mise en oeuvre de ces mat\u00e9riaux en plaques est en g\u00e9n\u00e9ral l'usinage. La d\u00e9coupe jet d'eau est \u00e9galement une possibilit\u00e9 pour les alliages d'aluminium mais peu adapt\u00e9e aux mat\u00e9riaux composites.<\/p>\n<\/div><\/div><\/div><\/div><\/div>","protected":false},"excerpt":{"rendered":"<p>La plupart des pi\u00e8ces minces (Chassis, pod, plaque radio, supports servos &#8230;.) sont r\u00e9alis\u00e9es \u00e0 partir de mat\u00e9riaux en plaque. [&hellip;]<\/p>\n","protected":false},"author":1,"featured_media":0,"parent":2024,"menu_order":0,"comment_status":"closed","ping_status":"closed","template":"page-templates\/full-width.php","meta":{"ngg_post_thumbnail":0},"_links":{"self":[{"href":"http:\/\/rc-contact.fr\/index.php?rest_route=\/wp\/v2\/pages\/2877"}],"collection":[{"href":"http:\/\/rc-contact.fr\/index.php?rest_route=\/wp\/v2\/pages"}],"about":[{"href":"http:\/\/rc-contact.fr\/index.php?rest_route=\/wp\/v2\/types\/page"}],"author":[{"embeddable":true,"href":"http:\/\/rc-contact.fr\/index.php?rest_route=\/wp\/v2\/users\/1"}],"replies":[{"embeddable":true,"href":"http:\/\/rc-contact.fr\/index.php?rest_route=%2Fwp%2Fv2%2Fcomments&post=2877"}],"version-history":[{"count":31,"href":"http:\/\/rc-contact.fr\/index.php?rest_route=\/wp\/v2\/pages\/2877\/revisions"}],"predecessor-version":[{"id":10069,"href":"http:\/\/rc-contact.fr\/index.php?rest_route=\/wp\/v2\/pages\/2877\/revisions\/10069"}],"up":[{"embeddable":true,"href":"http:\/\/rc-contact.fr\/index.php?rest_route=\/wp\/v2\/pages\/2024"}],"wp:attachment":[{"href":"http:\/\/rc-contact.fr\/index.php?rest_route=%2Fwp%2Fv2%2Fmedia&parent=2877"}],"curies":[{"name":"wp","href":"https:\/\/api.w.org\/{rel}","templated":true}]}}