{"id":2024,"date":"2017-08-09T08:50:22","date_gmt":"2017-08-09T08:50:22","guid":{"rendered":"http:\/\/rc-contact.fr\/?page_id=2024"},"modified":"2017-09-15T09:13:46","modified_gmt":"2017-09-15T09:13:46","slug":"conception-3","status":"publish","type":"page","link":"http:\/\/rc-contact.fr\/?page_id=2024","title":{"rendered":"Conception"},"content":{"rendered":"<div id=\"pl-2024\"  class=\"panel-layout\" ><div id=\"pg-2024-0\"  class=\"panel-grid panel-no-style\" ><div id=\"pgc-2024-0-0\"  class=\"panel-grid-cell\" ><div id=\"panel-2024-0-0-0\" class=\"so-panel widget widget_black-studio-tinymce widget_black_studio_tinymce panel-first-child panel-last-child\" data-index=\"0\" ><h3 class=\"widget-title\">Pourquoi concevoir une voiture?<\/h3><div class=\"textwidget\"><p style=\"text-align: left;\">Etant donn\u00e9 le niveau d'investissement et de motivation n\u00e9cessaire pour mener \u00e0 bien la conception et la r\u00e9alisation d'une voiture classique, la seule raison qui me para\u00eet justifiable est tout simplement le plaisir de concevoir et\/ou de fabriquer, la satisfaction d'avoir un mod\u00e8le unique que l'on a imagin\u00e9 de toutes pi\u00e8ces et peut \u00eatre \u00e9galement le fol espoir de pouvoir repousser encore plus loin les limites des performances de ces \"planches \u00e0 roulettes\" qui en \u00e9tonnent plus d'un !!<\/p>\n<\/div><\/div><\/div><\/div><div id=\"pg-2024-1\"  class=\"panel-grid panel-no-style\" ><div id=\"pgc-2024-1-0\"  class=\"panel-grid-cell\" ><div id=\"panel-2024-1-0-0\" class=\"so-panel widget widget_themegrill_flash_image tg-widget tg-image-widget panel-first-child panel-last-child\" data-index=\"1\" >\t<img src=\"http:\/\/rc-contact.fr\/wp-content\/uploads\/2017\/08\/CONCEPTION-e1502703455968.jpg\" \/>\n<\/div><\/div><div id=\"pgc-2024-1-1\"  class=\"panel-grid-cell\" ><div id=\"panel-2024-1-1-0\" class=\"so-panel widget widget_themegrill_flash_image tg-widget tg-image-widget panel-first-child panel-last-child\" data-index=\"2\" >\t<img src=\"http:\/\/rc-contact.fr\/wp-content\/uploads\/2017\/08\/CONCEPTION2-e1502703225834.jpg\" \/>\n<\/div><\/div><\/div><div id=\"pg-2024-2\"  class=\"panel-grid panel-no-style\" ><div id=\"pgc-2024-2-0\"  class=\"panel-grid-cell\" ><div id=\"panel-2024-2-0-0\" class=\"so-panel widget widget_black-studio-tinymce widget_black_studio_tinymce panel-first-child panel-last-child\" data-index=\"3\" ><div class=\"panel-widget-style panel-widget-style-for-2024-2-0-0\" ><h3 class=\"widget-title\">A quel prix?<\/h3><div class=\"textwidget\"><p>Le prix d\u2019une voiture d\u00e9pend bien s\u00fbr de la mani\u00e8re dont on envisage la partie fabrication et des moyens d\u2019usinage dont on dispose.<br \/> Il y a en fait plusieurs cas de figure :<\/p>\n<ul>\n<li><strong>On r\u00e9alise soi-m\u00eame l\u2019ensemble des composants non standards de l\u2019auto.<\/strong> Cela demande bien s\u00fbr la comp\u00e9tence, l\u2019outillage et la motivation n\u00e9cessaire.<\/li>\n<li><strong>On r\u00e9alise soi-m\u00eame une partie des composants<\/strong> en fonction de l\u2019outillage dont on dispose et on sous-traite le reste.<\/li>\n<li><strong>On sous-traite la fabrication de l\u2019ensemble des pi\u00e8ces sp\u00e9cifiques<\/strong>.<\/li>\n<\/ul>\n<p>Le premier cas de figure est bien s\u00fbr le plus int\u00e9ressant d\u2019un point de vue \u00e9conomique, mais quoi qu\u2019il en soit, il faut bien avoir \u00e0 l\u2019esprit que votre mod\u00e8le vous co\u00fbtera plus cher qu\u2019un kit standard du march\u00e9 (voire beaucoup plus cher).<br \/> En effet, si on consid\u00e8re uniquement le prix au d\u00e9tail des composants standards (r\u00e9servoir, roues, couronnes, fus\u00e9es de direction, rotules, biellettes, pare chocs, roulements, attaches rapides \u2026diff\u00e9rentiel si vous ne vous sentez pas de le faire) on arrive \u00e0 plus de 50% du prix d\u2019un kit standard.<br \/> Ajoutez \u00e0 ceci le prix de la mati\u00e8re premi\u00e8re (Alliages d\u2019aluminium, plaques de 7075 , composite \u00e9poxy\/carbone \u2026), et vous verrez que m\u00eame en usinant vous m\u00eame tous les composants sp\u00e9cifiques de votre mod\u00e8le, vous ne ferez pas d\u2019\u00e9conomies.<br \/> Selon mes estimations, le co\u00fbt global de l\u2019auto sera environ de 1,5 fois \u00e0 4 fois le prix d\u2019un kit standard du march\u00e9 selon votre niveau d\u2019implication sur la partie fabrication.<br \/> Ceci \u00e9tant, il me semble donc raisonnable, avant de se lancer dans l\u2019aventure, de s\u2019\u00e9quiper au minimum d\u2019un petit tour de pr\u00e9cision (pour les petites pi\u00e8ces de r\u00e9volution) et d\u2019une mini fraiseuse pour les reprises (lamages, m\u00e9plats, per\u00e7ages de pr\u00e9cision ..) et d\u2019envisager de sous traiter uniquement les pi\u00e8ces trop pr\u00e9cises et\/ou impossibles \u00e0 r\u00e9aliser avec l\u2019outillage dont on dispose.<\/p>\n<\/div><\/div><\/div><\/div><\/div><div id=\"pg-2024-3\"  class=\"panel-grid panel-no-style\" ><div id=\"pgc-2024-3-0\"  class=\"panel-grid-cell\" ><div id=\"panel-2024-3-0-0\" class=\"so-panel widget widget_themegrill_flash_heading tg-widget section-title-wrapper panel-first-child\" data-index=\"4\" ><div class=\"panel-widget-style panel-widget-style-for-2024-3-0-0\" >\t<h3 class=\"section-title\">Concevoir une voiture Classique<\/h3>\n<\/div><\/div><div id=\"panel-2024-3-0-1\" class=\"so-panel widget widget_black-studio-tinymce widget_black_studio_tinymce panel-last-child\" data-index=\"5\" ><div class=\"textwidget\"><p>Vous trouverez dans les pages ci dessous un certain nombre d'informations techniques sur diff\u00e9rents sujets qui je l'esp\u00e8re vous aideront dans votre travail de conception et \u00e0 faire les bon choix techniques.<br \/> Mais avant de commencer un travail conception d'une voiture R\/C, il est imp\u00e9ratif &nbsp;d'\u00e9tudier<strong>&nbsp;ce qui existe et ce qui a exist\u00e9.<\/strong><br \/> A ce titre, je vous invite \u00e0 consulter <a href=\"http:\/\/rc-contact.fr\/?page_id=1970\"><strong>l'exposition de voitures R\/C<\/strong> &nbsp;<\/a>ainsi que pour certains des sujets ci dessous, la page&nbsp;<strong>\"C'\u00e9tait comment avant?\"<\/strong>&nbsp;qui est propos\u00e9e.<br \/> A votre tour de faire ce travail d'analyse et de synth\u00e8se qui vous aidera \u00e0 imaginer votre propre mod\u00e8le.<\/p>\n<\/div><\/div><\/div><\/div><div id=\"pg-2024-4\"  class=\"panel-grid panel-no-style\" ><div id=\"pgc-2024-4-0\"  class=\"panel-grid-cell\" ><div id=\"panel-2024-4-0-0\" class=\"so-panel widget widget_siteorigin-panels-builder panel-first-child panel-last-child\" data-index=\"6\" ><div class=\"panel-widget-style panel-widget-style-for-2024-4-0-0\" ><div id=\"pl-w59bb99ca3c414\"  class=\"panel-layout\" ><div id=\"pg-w59bb99ca3c414-0\"  class=\"panel-grid panel-no-style\" ><div id=\"pgc-w59bb99ca3c414-0-0\"  class=\"panel-grid-cell\" ><div id=\"panel-w59bb99ca3c414-0-0-0\" class=\"so-panel widget widget_themegrill_flash_service tg-widget tg-single-service panel-first-child\" data-index=\"0\" ><div class=\"panel-widget-style panel-widget-style-for-w59bb99ca3c414-0-0-0\" >\n<div class=\"tg-service-widget tg-service-layout-1\">\n\t<div class=\"service-wrapper\">\n\t\t<div class=\"service-icon-title-wrapper clearfix\">\n\t\t\t\t\t\t<div class=\"service-icon-wrap\"><i class=\"fa fa-wrench\"><\/i><\/div>\n\t\t\t\t\t\t\t\t\t\t\t\t<h3 class=\"service-title-wrap\">\n\t\t\t\t\t\t\t\t<a href=\"http:\/\/rc-contact.fr\/?page_id=3341\">\n\t\t\t\tCin\u00e9matique g\u00e9n\u00e9rale\t\t\t\t\t\t\t\t<\/a>\n\t\t\t\t\t\t\t<\/h3>\n\t\t\t\t\t<\/div>\n\t\t\t\t<div class=\"service-content-wrap\">On entend par cin\u00e9matique g\u00e9n\u00e9rale, la possibilit\u00e9 d'articuler le train avant ou le train arri\u00e8re.....<\/div>\n\t\t\t\t\t\t<a class=\"service-more\" href=\"http:\/\/rc-contact.fr\/?page_id=3341\">Lire la suite<\/a>\n\t\t\t<\/div>\n<\/div>\n<\/div><\/div><div id=\"panel-w59bb99ca3c414-0-0-1\" class=\"so-panel widget widget_themegrill_flash_service tg-widget tg-single-service\" data-index=\"1\" ><div class=\"panel-widget-style panel-widget-style-for-w59bb99ca3c414-0-0-1\" >\n<div class=\"tg-service-widget tg-service-layout-1\">\n\t<div class=\"service-wrapper\">\n\t\t<div class=\"service-icon-title-wrapper clearfix\">\n\t\t\t\t\t\t<div class=\"service-icon-wrap\"><i class=\"fa fa-wrench\"><\/i><\/div>\n\t\t\t\t\t\t\t\t\t\t\t\t<h3 class=\"service-title-wrap\">\n\t\t\t\t\t\t\t\t<a href=\"http:\/\/rc-contact.fr\/?page_id=2865\">\n\t\t\t\tLe chassis\t\t\t\t\t\t\t\t<\/a>\n\t\t\t\t\t\t\t<\/h3>\n\t\t\t\t\t<\/div>\n\t\t\t\t<div class=\"service-content-wrap\">Le chassis est l'\u00e9l\u00e9ment essentiel de la voiture car en l'absence de suspensions, c'est lui qui assure ....<\/div>\n\t\t\t\t\t\t<a class=\"service-more\" href=\"http:\/\/rc-contact.fr\/?page_id=2865\">Lire la suite<\/a>\n\t\t\t<\/div>\n<\/div>\n<\/div><\/div><div id=\"panel-w59bb99ca3c414-0-0-2\" class=\"so-panel widget widget_themegrill_flash_service tg-widget tg-single-service\" data-index=\"2\" ><div class=\"panel-widget-style panel-widget-style-for-w59bb99ca3c414-0-0-2\" >\n<div class=\"tg-service-widget tg-service-layout-1\">\n\t<div class=\"service-wrapper\">\n\t\t<div class=\"service-icon-title-wrapper clearfix\">\n\t\t\t\t\t\t<div class=\"service-icon-wrap\"><i class=\"fa fa-book\"><\/i><\/div>\n\t\t\t\t\t\t\t\t\t\t\t\t<h3 class=\"service-title-wrap\">\n\t\t\t\t\t\t\t\t<a href=\"http:\/\/rc-contact.fr\/?page_id=2884\">\n\t\t\t\tR\u00e9partition des masses\t\t\t\t\t\t\t\t<\/a>\n\t\t\t\t\t\t\t<\/h3>\n\t\t\t\t\t<\/div>\n\t\t\t\t<div class=\"service-content-wrap\">La r\u00e9partition des masses impacte directement l\u2019\u00e9quilibre et la motricit\u00e9 de la voiture.....<\/div>\n\t\t\t\t\t\t<a class=\"service-more\" href=\"http:\/\/rc-contact.fr\/?page_id=2884\">Lire la suite<\/a>\n\t\t\t<\/div>\n<\/div>\n<\/div><\/div><div id=\"panel-w59bb99ca3c414-0-0-3\" class=\"so-panel widget widget_themegrill_flash_service tg-widget tg-single-service panel-last-child\" data-index=\"3\" ><div class=\"panel-widget-style panel-widget-style-for-w59bb99ca3c414-0-0-3\" >\n<div class=\"tg-service-widget tg-service-layout-1\">\n\t<div class=\"service-wrapper\">\n\t\t<div class=\"service-icon-title-wrapper clearfix\">\n\t\t\t\t\t\t<div class=\"service-icon-wrap\"><i class=\"fa fa-book\"><\/i><\/div>\n\t\t\t\t\t\t\t\t\t\t\t\t<h3 class=\"service-title-wrap\">\n\t\t\t\t\t\t\t\t<a href=\"http:\/\/rc-contact.fr\/?page_id=2877\">\n\t\t\t\tMat\u00e9riaux\t\t\t\t\t\t\t\t<\/a>\n\t\t\t\t\t\t\t<\/h3>\n\t\t\t\t\t<\/div>\n\t\t\t\t<div class=\"service-content-wrap\">Le choix des mati\u00e8res d\u00e9pend d'une part des conditions d'utilisation  et  du proc\u00e9d\u00e9 de mise en oeuvre, mais \u00e9galement du prix, de l'esth\u00e9tique et de la disponibilit\u00e9 .....<\/div>\n\t\t\t\t\t\t<a class=\"service-more\" href=\"http:\/\/rc-contact.fr\/?page_id=2877\">Lire la suite<\/a>\n\t\t\t<\/div>\n<\/div>\n<\/div><\/div><\/div><div id=\"pgc-w59bb99ca3c414-0-1\"  class=\"panel-grid-cell\" ><div id=\"panel-w59bb99ca3c414-0-1-0\" class=\"so-panel widget widget_themegrill_flash_service tg-widget tg-single-service panel-first-child\" data-index=\"4\" >\n<div class=\"tg-service-widget tg-service-layout-1\">\n\t<div class=\"service-wrapper\">\n\t\t<div class=\"service-icon-title-wrapper clearfix\">\n\t\t\t\t\t\t<div class=\"service-icon-wrap\"><i class=\"fa fa-leanpub\"><\/i><\/div>\n\t\t\t\t\t\t\t\t\t\t\t\t<h3 class=\"service-title-wrap\">\n\t\t\t\t\t\t\t\t<a href=\"http:\/\/rc-contact.fr\/?page_id=2889\">\n\t\t\t\tDimensions de base\t\t\t\t\t\t\t\t<\/a>\n\t\t\t\t\t\t\t<\/h3>\n\t\t\t\t\t<\/div>\n\t\t\t\t<div class=\"service-content-wrap\">Les dimensions de base pour commencer l'\u00e9tude (empattement, garde au sol, ...........<\/div>\n\t\t\t\t\t\t<a class=\"service-more\" href=\"http:\/\/rc-contact.fr\/?page_id=2889\">Lire la suite<\/a>\n\t\t\t<\/div>\n<\/div>\n<\/div><div id=\"panel-w59bb99ca3c414-0-1-1\" class=\"so-panel widget widget_themegrill_flash_service tg-widget tg-single-service\" data-index=\"5\" ><div class=\"panel-widget-style panel-widget-style-for-w59bb99ca3c414-0-1-1\" >\n<div class=\"tg-service-widget tg-service-layout-1\">\n\t<div class=\"service-wrapper\">\n\t\t<div class=\"service-icon-title-wrapper clearfix\">\n\t\t\t\t\t\t<div class=\"service-icon-wrap\"><i class=\"fa fa-wrench\"><\/i><\/div>\n\t\t\t\t\t\t\t\t\t\t\t\t<h3 class=\"service-title-wrap\">\n\t\t\t\t\t\t\t\t<a href=\"http:\/\/rc-contact.fr\/?page_id=2891\">\n\t\t\t\tDiff\u00e9rentiel\t\t\t\t\t\t\t\t<\/a>\n\t\t\t\t\t\t\t<\/h3>\n\t\t\t\t\t<\/div>\n\t\t\t\t<div class=\"service-content-wrap\">Les voitures classiques poss\u00e8dent un diff\u00e9rentiel sur le train arri\u00e8re depuis la fin des ann\u00e9es 70.....<\/div>\n\t\t\t\t\t\t<a class=\"service-more\" href=\"http:\/\/rc-contact.fr\/?page_id=2891\">Lire la suite<\/a>\n\t\t\t<\/div>\n<\/div>\n<\/div><\/div><div id=\"panel-w59bb99ca3c414-0-1-2\" class=\"so-panel widget widget_themegrill_flash_service tg-widget tg-single-service panel-last-child\" data-index=\"6\" ><div class=\"panel-widget-style panel-widget-style-for-w59bb99ca3c414-0-1-2\" >\n<div class=\"tg-service-widget tg-service-layout-1\">\n\t<div class=\"service-wrapper\">\n\t\t<div class=\"service-icon-title-wrapper clearfix\">\n\t\t\t\t\t\t<div class=\"service-icon-wrap\"><i class=\"fa fa-compress\"><\/i><\/div>\n\t\t\t\t\t\t\t\t\t\t\t\t<h3 class=\"service-title-wrap\">\n\t\t\t\t\t\t\t\t<a href=\"http:\/\/rc-contact.fr\/?page_id=2887\">\n\t\t\t\tLe freinage\t\t\t\t\t\t\t\t<\/a>\n\t\t\t\t\t\t\t<\/h3>\n\t\t\t\t\t<\/div>\n\t\t\t\t<div class=\"service-content-wrap\">Le syst\u00e8me de freinage est une fonction importante sur ce type de voiture.....<\/div>\n\t\t\t\t\t\t<a class=\"service-more\" href=\"http:\/\/rc-contact.fr\/?page_id=2887\">Lire la suite<\/a>\n\t\t\t<\/div>\n<\/div>\n<\/div><\/div><\/div><div id=\"pgc-w59bb99ca3c414-0-2\"  class=\"panel-grid-cell\" ><div id=\"panel-w59bb99ca3c414-0-2-0\" class=\"so-panel widget widget_themegrill_flash_service tg-widget tg-single-service panel-first-child\" data-index=\"7\" >\n<div class=\"tg-service-widget tg-service-layout-1\">\n\t<div class=\"service-wrapper\">\n\t\t<div class=\"service-icon-title-wrapper clearfix\">\n\t\t\t\t\t\t<div class=\"service-icon-wrap\"><i class=\"fa fa-automobile\"><\/i><\/div>\n\t\t\t\t\t\t\t\t\t\t\t\t<h3 class=\"service-title-wrap\">\n\t\t\t\t\t\t\t\t<a href=\"http:\/\/rc-contact.fr\/?page_id=8688\">\n\t\t\t\tCommande de direction\t\t\t\t\t\t\t\t<\/a>\n\t\t\t\t\t\t\t<\/h3>\n\t\t\t\t\t<\/div>\n\t\t\t\t<div class=\"service-content-wrap\">La commande de direction doit \u00eatre pr\u00e9cise et \u00e9galement r\u00e9sister aux chocs qui sont tr\u00e8s fr\u00e9quents au niveau des roues.....<\/div>\n\t\t\t\t\t\t<a class=\"service-more\" href=\"http:\/\/rc-contact.fr\/?page_id=8688\">Lire la suite<\/a>\n\t\t\t<\/div>\n<\/div>\n<\/div><div id=\"panel-w59bb99ca3c414-0-2-1\" class=\"so-panel widget widget_themegrill_flash_service tg-widget tg-single-service\" data-index=\"8\" ><div class=\"panel-widget-style panel-widget-style-for-w59bb99ca3c414-0-2-1\" >\n<div class=\"tg-service-widget tg-service-layout-1\">\n\t<div class=\"service-wrapper\">\n\t\t<div class=\"service-icon-title-wrapper clearfix\">\n\t\t\t\t\t\t<div class=\"service-icon-wrap\"><i class=\"fa fa-wrench\"><\/i><\/div>\n\t\t\t\t\t\t\t\t\t\t\t\t<h3 class=\"service-title-wrap\">\n\t\t\t\t\t\t\t\t<a href=\"http:\/\/rc-contact.fr\/?page_id=7396\">\n\t\t\t\tTrain avant\t\t\t\t\t\t\t\t<\/a>\n\t\t\t\t\t\t\t<\/h3>\n\t\t\t\t\t<\/div>\n\t\t\t\t<div class=\"service-content-wrap\">Le train a beaucoup \u00e9volu\u00e9 depuis l'origine des voitures classiques et notamment en terme de r\u00e9glages....<\/div>\n\t\t\t\t\t\t<a class=\"service-more\" href=\"http:\/\/rc-contact.fr\/?page_id=7396\">Lire la suite<\/a>\n\t\t\t<\/div>\n<\/div>\n<\/div><\/div><div id=\"panel-w59bb99ca3c414-0-2-2\" class=\"so-panel widget widget_themegrill_flash_service tg-widget tg-single-service panel-last-child\" data-index=\"9\" ><div class=\"panel-widget-style panel-widget-style-for-w59bb99ca3c414-0-2-2\" >\n<div class=\"tg-service-widget tg-service-layout-1\">\n\t<div class=\"service-wrapper\">\n\t\t<div class=\"service-icon-title-wrapper clearfix\">\n\t\t\t\t\t\t<div class=\"service-icon-wrap\"><i class=\"fa fa-wrench\"><\/i><\/div>\n\t\t\t\t\t\t\t\t\t\t\t\t<h3 class=\"service-title-wrap\">\n\t\t\t\t\t\t\t\t<a href=\"http:\/\/rc-contact.fr\/?page_id=2940\">\n\t\t\t\tTransmission\t\t\t\t\t\t\t\t<\/a>\n\t\t\t\t\t\t\t<\/h3>\n\t\t\t\t\t<\/div>\n\t\t\t\t<div class=\"service-content-wrap\">Le mode de transmission a beaucoup \u00e9volu\u00e9 depuis les d\u00e9buts de la cat\u00e9gorie classique.......<\/div>\n\t\t\t\t\t\t<a class=\"service-more\" href=\"http:\/\/rc-contact.fr\/?page_id=2940\">Lire la suite<\/a>\n\t\t\t<\/div>\n<\/div>\n<\/div><\/div><\/div><\/div><\/div><\/div><\/div><\/div><\/div><\/div>","protected":false},"excerpt":{"rendered":"<p>Etant donn\u00e9 le niveau d&rsquo;investissement et de motivation n\u00e9cessaire pour mener \u00e0 bien la conception et la r\u00e9alisation d&rsquo;une voiture [&hellip;]<\/p>\n","protected":false},"author":1,"featured_media":0,"parent":0,"menu_order":0,"comment_status":"closed","ping_status":"closed","template":"page-templates\/full-width.php","meta":{"ngg_post_thumbnail":0},"_links":{"self":[{"href":"http:\/\/rc-contact.fr\/index.php?rest_route=\/wp\/v2\/pages\/2024"}],"collection":[{"href":"http:\/\/rc-contact.fr\/index.php?rest_route=\/wp\/v2\/pages"}],"about":[{"href":"http:\/\/rc-contact.fr\/index.php?rest_route=\/wp\/v2\/types\/page"}],"author":[{"embeddable":true,"href":"http:\/\/rc-contact.fr\/index.php?rest_route=\/wp\/v2\/users\/1"}],"replies":[{"embeddable":true,"href":"http:\/\/rc-contact.fr\/index.php?rest_route=%2Fwp%2Fv2%2Fcomments&post=2024"}],"version-history":[{"count":194,"href":"http:\/\/rc-contact.fr\/index.php?rest_route=\/wp\/v2\/pages\/2024\/revisions"}],"predecessor-version":[{"id":10065,"href":"http:\/\/rc-contact.fr\/index.php?rest_route=\/wp\/v2\/pages\/2024\/revisions\/10065"}],"wp:attachment":[{"href":"http:\/\/rc-contact.fr\/index.php?rest_route=%2Fwp%2Fv2%2Fmedia&parent=2024"}],"curies":[{"name":"wp","href":"https:\/\/api.w.org\/{rel}","templated":true}]}}