{"id":202,"date":"2016-09-30T09:34:23","date_gmt":"2016-09-30T09:34:23","guid":{"rendered":"http:\/\/localhost\/flash-new\/?page_id=4"},"modified":"2018-04-19T17:29:38","modified_gmt":"2018-04-19T17:29:38","slug":"home","status":"publish","type":"page","link":"http:\/\/rc-contact.fr\/","title":{"rendered":"Accueil"},"content":{"rendered":"<div id=\"pl-202\"  class=\"panel-layout\" ><div id=\"pg-202-0\"  class=\"panel-grid panel-has-style\" ><div class=\"siteorigin-panels-stretch panel-row-style panel-row-style-for-202-0\" data-stretch-type=\"full-stretched\" ><div id=\"pgc-202-0-0\"  class=\"panel-grid-cell\" ><div id=\"panel-202-0-0-0\" class=\"so-panel widget widget_themegrill_flash_slider tg-section tg-slider-widget panel-first-child panel-last-child\" data-index=\"0\" ><div class=\"flash_inherit_color panel-widget-style panel-widget-style-for-202-0-0-0\" ><div class=\"tg-slider-widget slider-light slider-content-center slider-control-center full-width\">\n\t<div class=\"swiper-container\">\n\t\t<div class=\"swiper-wrapper\">\n\t\t\t\n\t\t\t\t\t<div class=\"swiper-slide\">\n\t\t\t\t\t\t<figure class=\"slider-image\" >\n\t\t\t\t\t\t\t<img width=\"1920\" height=\"998\"\t\t\t\t\t\t\t\t\tsrc=\"http:\/\/rc-contact.fr\/wp-content\/uploads\/2016\/09\/diapo1.jpg\"\n\t\t\t\t\t\t\t\t\talt=\"\"\n\t\t\t\t\t\t\t\t\ttitle=\"\"\/>\n\t\t\t\t\t\t\t<div class=\"overlay\"><\/div>\n\t\t\t\t\t\t<\/figure>\n\t\t\t\t\t\t<div class=\"slider-content\">\n\t\t\t\t\t\t\t<div class=\"tg-container\">\n\t\t\t\t\t\t\t\t<div class=\"caption-title\"><\/div>\n\t\t\t\t\t\t\t\t<div class=\"caption-desc\"><\/div>\n\t\t\t\t\t\t\t\t\t\t\t\t\t\t\t<\/div>\n\t\t\t\t\t\t<\/div>\n\t\t\t\t\t<\/div>\n\n\t\t\t\t\n\t\t\t\t\t<div class=\"swiper-slide\">\n\t\t\t\t\t\t<figure class=\"slider-image\" >\n\t\t\t\t\t\t\t<img width=\"1920\" height=\"998\"\t\t\t\t\t\t\t\t\tsrc=\"http:\/\/rc-contact.fr\/wp-content\/uploads\/2017\/08\/WP_20140510_217-e1502265823405.jpg\"\n\t\t\t\t\t\t\t\t\talt=\"\"\n\t\t\t\t\t\t\t\t\ttitle=\"\"\/>\n\t\t\t\t\t\t\t<div class=\"overlay\"><\/div>\n\t\t\t\t\t\t<\/figure>\n\t\t\t\t\t\t<div class=\"slider-content\">\n\t\t\t\t\t\t\t<div class=\"tg-container\">\n\t\t\t\t\t\t\t\t<div class=\"caption-title\"><\/div>\n\t\t\t\t\t\t\t\t<div class=\"caption-desc\"><\/div>\n\t\t\t\t\t\t\t\t\t\t\t\t\t\t\t<\/div>\n\t\t\t\t\t\t<\/div>\n\t\t\t\t\t<\/div>\n\n\t\t\t\t\n\t\t\t\t\t<div class=\"swiper-slide\">\n\t\t\t\t\t\t<figure class=\"slider-image\" >\n\t\t\t\t\t\t\t<img width=\"1920\" height=\"998\"\t\t\t\t\t\t\t\t\tsrc=\"http:\/\/rc-contact.fr\/wp-content\/uploads\/2017\/08\/WP_20140510_225-e1502188810545.jpg\"\n\t\t\t\t\t\t\t\t\talt=\"\"\n\t\t\t\t\t\t\t\t\ttitle=\"\"\/>\n\t\t\t\t\t\t\t<div class=\"overlay\"><\/div>\n\t\t\t\t\t\t<\/figure>\n\t\t\t\t\t\t<div class=\"slider-content\">\n\t\t\t\t\t\t\t<div class=\"tg-container\">\n\t\t\t\t\t\t\t\t<div class=\"caption-title\"><\/div>\n\t\t\t\t\t\t\t\t<div class=\"caption-desc\"><\/div>\n\t\t\t\t\t\t\t\t\t\t\t\t\t\t\t<\/div>\n\t\t\t\t\t\t<\/div>\n\t\t\t\t\t<\/div>\n\n\t\t\t\t\n\t\t\t\t\t<div class=\"swiper-slide\">\n\t\t\t\t\t\t<figure class=\"slider-image\" >\n\t\t\t\t\t\t\t<img width=\"1920\" height=\"998\"\t\t\t\t\t\t\t\t\tsrc=\"http:\/\/rc-contact.fr\/wp-content\/uploads\/2016\/09\/WP_20140510_020-e1502188327704.jpg\"\n\t\t\t\t\t\t\t\t\talt=\"\"\n\t\t\t\t\t\t\t\t\ttitle=\"\"\/>\n\t\t\t\t\t\t\t<div class=\"overlay\"><\/div>\n\t\t\t\t\t\t<\/figure>\n\t\t\t\t\t\t<div class=\"slider-content\">\n\t\t\t\t\t\t\t<div class=\"tg-container\">\n\t\t\t\t\t\t\t\t<div class=\"caption-title\"><\/div>\n\t\t\t\t\t\t\t\t<div class=\"caption-desc\"><\/div>\n\t\t\t\t\t\t\t\t\t\t\t\t\t\t\t<\/div>\n\t\t\t\t\t\t<\/div>\n\t\t\t\t\t<\/div>\n\n\t\t\t\t\n\t\t\t\t\t<div class=\"swiper-slide\">\n\t\t\t\t\t\t<figure class=\"slider-image\" >\n\t\t\t\t\t\t\t<img width=\"1920\" height=\"998\"\t\t\t\t\t\t\t\t\tsrc=\"http:\/\/rc-contact.fr\/wp-content\/uploads\/2017\/08\/WP_20140510_050-e1502266250840.jpg\"\n\t\t\t\t\t\t\t\t\talt=\"\"\n\t\t\t\t\t\t\t\t\ttitle=\"\"\/>\n\t\t\t\t\t\t\t<div class=\"overlay\"><\/div>\n\t\t\t\t\t\t<\/figure>\n\t\t\t\t\t\t<div class=\"slider-content\">\n\t\t\t\t\t\t\t<div class=\"tg-container\">\n\t\t\t\t\t\t\t\t<div class=\"caption-title\"><\/div>\n\t\t\t\t\t\t\t\t<div class=\"caption-desc\"><\/div>\n\t\t\t\t\t\t\t\t\t\t\t\t\t\t\t<\/div>\n\t\t\t\t\t\t<\/div>\n\t\t\t\t\t<\/div>\n\n\t\t\t\t\t\t<\/div>\n\t\t<div class=\"swiper-pagination\"><\/div>\n\t\t<div class=\"slider-arrow\">\n\t\t\t<div class=\"swiper-button-next\"><\/div>\n\t\t\t<div class=\"swiper-button-prev\"><\/div>\n\t\t<\/div>\n\t<\/div>\n<\/div>\n<\/div><\/div><\/div><\/div><\/div><div id=\"pg-202-1\"  class=\"panel-grid panel-no-style\" ><div id=\"pgc-202-1-0\"  class=\"panel-grid-cell\" ><div id=\"panel-202-1-0-0\" class=\"so-panel widget widget_black-studio-tinymce widget_black_studio_tinymce panel-first-child panel-last-child\" data-index=\"1\" ><div class=\"panel-widget-style panel-widget-style-for-202-1-0-0\" ><div class=\"textwidget\"><p align=\"justify\">Ce site est consacr\u00e9 principalement aux <strong>voitures\u00a0classiques\u00a01\/8\u00e8me piste<\/strong> et \u00e0 l'<strong>histoire de la voiture de piste radiocommand\u00e9e<\/strong>\u00a0dans laquelle la cat\u00e9gorie classique puise ses fondements.\u00a0Son objectif est de permettre \u00e0 chacun de mieux conna\u00eetre et comprendre les particularit\u00e9s de cette cat\u00e9gorie de voitures radiocommand\u00e9es ainsi que ses origines et son \u00e9volution dans le temps.<\/p>\n<p align=\"justify\">Si la visite de ce site pouvait \u00eatre un moment agr\u00e9able et donner envie \u00e0 certains de ressortir leurs anciennes autos, de venir jouer en 1\/8\u00e8me classique avec un mod\u00e8le actuel, ou encore, pour les plus motiv\u00e9s, de concevoir leur propre auto, j'en serais ravi car j'aurais \u00e0 ma mani\u00e8re aid\u00e9 \u00e0 promouvoir cette belle cat\u00e9gorie un peu atypique qui ne cesse d'attirer de plus en plus de pilotes.<\/p>\n<\/div><\/div><\/div><\/div><\/div><div id=\"pg-202-2\"  class=\"panel-grid panel-no-style\" ><div id=\"pgc-202-2-0\"  class=\"panel-grid-cell\" ><div id=\"panel-202-2-0-0\" class=\"so-panel widget widget_themegrill_flash_heading tg-widget section-title-wrapper panel-first-child panel-last-child\" data-index=\"2\" ><div class=\"panel-widget-style panel-widget-style-for-202-2-0-0\" >\t<h3 class=\"section-title\">Le 1\/8\u00e8me Classique<\/h3>\n<\/div><\/div><\/div><\/div><div id=\"pg-202-3\"  class=\"panel-grid panel-no-style\" ><div id=\"pgc-202-3-0\"  class=\"panel-grid-cell\" ><div id=\"panel-202-3-0-0\" class=\"so-panel widget widget_black-studio-tinymce widget_black_studio_tinymce panel-first-child panel-last-child\" data-index=\"3\" ><div class=\"textwidget\"><p>Le <strong>\"1\/8\u00e8me classique\"<\/strong> est une cat\u00e9gorie de voitures radiocommand\u00e9es qui reprend les concepts des voitures RC thermiques de la fin des ann\u00e9es 70. &nbsp;C'est une cat\u00e9gorie \u00e0 part enti\u00e8re qui fait l'objet d'une r\u00e9glementation sp\u00e9cifique \u00e9dit\u00e9e chaque ann\u00e9e par la FFVRC et qui se caract\u00e9rise principalement par les aspects suivants :<\/p>\n<ul>\n<li><strong>Echelle 1\/8\u00e8me<\/strong><\/li>\n<li><strong>Pas de suspensions<\/strong><\/li>\n<li><strong>Pas de boite de vitesses<\/strong><\/li>\n<li><strong>2 roues arri\u00e8res motrices<\/strong><\/li>\n<li><strong>Cylindr\u00e9e moteur 3.5cm3 pour les mod\u00e8les thermiques<\/strong><\/li>\n<\/ul>\n<p>Depuis la fin des ann\u00e9es 70, les voitures classiques ont bien s\u00fbr b\u00e9n\u00e9fici\u00e9 de certaines avanc\u00e9es technologiques communes aux cousines \u00e0 suspensions, \u00e0 savoir : Puissance et fiabilit\u00e9 des moteurs, transmission centrale par courroie crant\u00e9e, r\u00e9glage de pincement et carrossage sur le train arri\u00e8re, d\u00e9montage rapide des roues... <strong>Ce sont des voitures simples, fiables et ... performantes.<\/strong><\/p>\n<\/div><\/div><\/div><div id=\"pgc-202-3-1\"  class=\"panel-grid-cell\" ><div id=\"panel-202-3-1-0\" class=\"so-panel widget widget_themegrill_flash_image tg-widget tg-image-widget panel-first-child panel-last-child\" data-index=\"4\" >\t<img src=\"http:\/\/rc-contact.fr\/wp-content\/uploads\/2017\/07\/IMG_0549-e1499116925913.jpg\" \/>\n<\/div><\/div><\/div><div id=\"pg-202-4\"  class=\"panel-grid panel-no-style\" ><div id=\"pgc-202-4-0\"  class=\"panel-grid-cell\" ><div id=\"panel-202-4-0-0\" class=\"so-panel widget widget_themegrill_flash_heading tg-widget section-title-wrapper panel-first-child panel-last-child\" data-index=\"5\" ><div class=\"panel-widget-style panel-widget-style-for-202-4-0-0\" >\t<h3 class=\"section-title\">Pourquoi faire du 1\/8\u00e8me Classique?<\/h3>\n<\/div><\/div><\/div><\/div><div id=\"pg-202-5\"  class=\"panel-grid panel-no-style\" ><div id=\"pgc-202-5-0\"  class=\"panel-grid-cell\" ><div id=\"panel-202-5-0-0\" class=\"so-panel widget widget_black-studio-tinymce widget_black_studio_tinymce panel-first-child panel-last-child\" data-index=\"6\" ><div class=\"panel-widget-style panel-widget-style-for-202-5-0-0\" ><div class=\"textwidget\"><p>Le \"classique\" poss\u00e8de des atouts incontestables qui attirent de plus en plus d'adeptes, en voici quelques uns :<\/p>\n<ul>\n<li><strong>Le challenge technique<\/strong>&nbsp;:&nbsp;Pas de suspensions, des moteurs puissants et il faut que \u00e7a tienne la route....!!<\/li>\n<li><strong>Un fabuleux moyen de s'exprimer<\/strong>&nbsp;: Aucune limite \u00e0 l'imagination&nbsp; si on d\u00e9cide de cr\u00e9er son propre mod\u00e8le ou de faire \u00e9voluer un mod\u00e8le existant (dans le respect des r\u00e8glements bien s\u00fbr).<\/li>\n<li><strong>Simplicit\u00e9 et co\u00fbt d'utilisation<\/strong>&nbsp;: La m\u00e9canique \u00e9tant simple et robuste, les co\u00fbts d'utilisation&nbsp; sont r\u00e9duits, la maintenance et la pr\u00e9paration sont simplifi\u00e9s.<\/li>\n<li><strong>La beaut\u00e9 de la m\u00e9canique<\/strong>&nbsp;: Un m\u00e9lange de technicit\u00e9 et de simplicit\u00e9.<\/li>\n<li><strong>Complexit\u00e9 du comportemen<\/strong>t&nbsp;:&nbsp;Nos voitures classiques ont un comportement dynamique difficile \u00e0 comprendre et \u00e0 anticiper car les d\u00e9formations du chassis interviennent directement dans la cin\u00e9matique g\u00e9n\u00e9rale de l'auto. Ceci rend l'aventure encore plus passionnante et laisse la place \u00e0 l'intuition et \u00e0 l'exp\u00e9rience sur le terrain.<\/li>\n<li><strong>Ambiance et convivialit\u00e9<\/strong>&nbsp;:&nbsp;Le c\u00f4t\u00e9 \"amateur\" et l'absence de forts enjeux commerciaux favorisent l'esprit amical qui r\u00e8gne sur cette cat\u00e9gorie.<\/li>\n<\/ul>\n<\/div><\/div><\/div><\/div><\/div><div id=\"pg-202-6\"  class=\"panel-grid panel-no-style\" ><div id=\"pgc-202-6-0\"  class=\"panel-grid-cell\" ><div id=\"panel-202-6-0-0\" class=\"so-panel widget widget_themegrill_flash_image tg-widget tg-image-widget panel-first-child panel-last-child\" data-index=\"7\" ><div class=\"panel-widget-style panel-widget-style-for-202-6-0-0\" >\t<img src=\"http:\/\/rc-contact.fr\/wp-content\/uploads\/2016\/10\/WP_20140510_195-e1503697223894.jpg\" \/>\n<\/div><\/div><\/div><div id=\"pgc-202-6-1\"  class=\"panel-grid-cell\" ><div id=\"panel-202-6-1-0\" class=\"so-panel widget widget_themegrill_flash_image tg-widget tg-image-widget panel-first-child panel-last-child\" data-index=\"8\" >\t<img src=\"http:\/\/rc-contact.fr\/wp-content\/uploads\/2017\/08\/slight5_Fabien11.jpg\" \/>\n<\/div><\/div><\/div><div id=\"pg-202-7\"  class=\"panel-grid panel-no-style\" ><div id=\"pgc-202-7-0\"  class=\"panel-grid-cell\" ><div id=\"panel-202-7-0-0\" class=\"so-panel widget widget_themegrill_flash_heading tg-widget section-title-wrapper panel-first-child\" data-index=\"9\" ><div class=\"panel-widget-style panel-widget-style-for-202-7-0-0\" >\t<h3 class=\"section-title\">Partenaires<\/h3>\n<\/div><\/div><div id=\"panel-202-7-0-1\" class=\"so-panel widget widget_themegrill_flash_logo tg-section client-section panel-last-child\" data-index=\"10\" ><div class=\"panel-widget-style panel-widget-style-for-202-7-0-1\" ><div class=\"tg-client-widget\">\n\t<div class=\"client-container swiper-container\">\n\t\t<div class=\"client-wrapper swiper-wrapper\">\n\t\t\t\t\t<div class=\"client-slide swiper-slide\">\n\t\t\t\t<img src=\"http:\/\/rc-contact.fr\/wp-content\/uploads\/2016\/09\/LCA.jpg\" alt=\"Logo 1\" \/>\n\t\t\t<\/div>\n\t\t\t\t\t\t<div class=\"client-slide swiper-slide\">\n\t\t\t\t<img src=\"http:\/\/rc-contact.fr\/wp-content\/uploads\/2017\/08\/13-08-2017-10-49-04-e1502614822797.jpg\" alt=\"Logo 2\" \/>\n\t\t\t<\/div>\n\t\t\t\t\t\t<div class=\"client-slide swiper-slide\">\n\t\t\t\t<img src=\"http:\/\/rc-contact.fr\/wp-content\/uploads\/2017\/08\/ptc-e1502617958202.jpg\" alt=\"Logo 3\" \/>\n\t\t\t<\/div>\n\t\t\t\t\t\t<div class=\"client-slide swiper-slide\">\n\t\t\t\t<img src=\"http:\/\/rc-contact.fr\/wp-content\/uploads\/2016\/09\/LCA-e1502614702553.jpg\" alt=\"Logo 4\" \/>\n\t\t\t<\/div>\n\t\t\t\t\t\t<div class=\"client-slide swiper-slide\">\n\t\t\t\t<img src=\"http:\/\/rc-contact.fr\/wp-content\/uploads\/2017\/08\/13-08-2017-10-49-04-e1502614822797.jpg\" alt=\"logo 5\" \/>\n\t\t\t<\/div>\n\t\t\t\t\t<\/div>\n\t<\/div>\n<\/div>\n<\/div><\/div><\/div><\/div><div id=\"pg-202-8\"  class=\"panel-grid panel-no-style\" ><div id=\"pgc-202-8-0\"  class=\"panel-grid-cell panel-grid-cell-empty\" ><\/div><\/div><\/div>","protected":false},"excerpt":{"rendered":"<p>Ce site est consacr\u00e9 principalement aux voitures\u00a0classiques\u00a01\/8\u00e8me piste et \u00e0 l&rsquo;histoire de la voiture de piste radiocommand\u00e9e\u00a0dans laquelle la cat\u00e9gorie [&hellip;]<\/p>\n","protected":false},"author":1,"featured_media":0,"parent":0,"menu_order":0,"comment_status":"closed","ping_status":"closed","template":"page-templates\/pagebuilder.php","meta":{"ngg_post_thumbnail":0},"_links":{"self":[{"href":"http:\/\/rc-contact.fr\/index.php?rest_route=\/wp\/v2\/pages\/202"}],"collection":[{"href":"http:\/\/rc-contact.fr\/index.php?rest_route=\/wp\/v2\/pages"}],"about":[{"href":"http:\/\/rc-contact.fr\/index.php?rest_route=\/wp\/v2\/types\/page"}],"author":[{"embeddable":true,"href":"http:\/\/rc-contact.fr\/index.php?rest_route=\/wp\/v2\/users\/1"}],"replies":[{"embeddable":true,"href":"http:\/\/rc-contact.fr\/index.php?rest_route=%2Fwp%2Fv2%2Fcomments&post=202"}],"version-history":[{"count":717,"href":"http:\/\/rc-contact.fr\/index.php?rest_route=\/wp\/v2\/pages\/202\/revisions"}],"predecessor-version":[{"id":13526,"href":"http:\/\/rc-contact.fr\/index.php?rest_route=\/wp\/v2\/pages\/202\/revisions\/13526"}],"wp:attachment":[{"href":"http:\/\/rc-contact.fr\/index.php?rest_route=%2Fwp%2Fv2%2Fmedia&parent=202"}],"curies":[{"name":"wp","href":"https:\/\/api.w.org\/{rel}","templated":true}]}}