{"id":1983,"date":"2017-08-09T08:34:44","date_gmt":"2017-08-09T08:34:44","guid":{"rendered":"http:\/\/rc-contact.fr\/?page_id=1983"},"modified":"2017-08-16T21:52:27","modified_gmt":"2017-08-16T21:52:27","slug":"comportementreglages","status":"publish","type":"page","link":"http:\/\/rc-contact.fr\/?page_id=1983","title":{"rendered":"Tenue de route"},"content":{"rendered":"<div id=\"pl-1983\"  class=\"panel-layout\" ><div id=\"pg-1983-0\"  class=\"panel-grid panel-no-style\" ><div id=\"pgc-1983-0-0\"  class=\"panel-grid-cell\" ><div id=\"panel-1983-0-0-0\" class=\"so-panel widget widget_black-studio-tinymce widget_black_studio_tinymce panel-first-child panel-last-child\" data-index=\"0\" ><h3 class=\"widget-title\">Tenue de route<\/h3><div class=\"textwidget\"><p>La tenue de route est souvent une vraie probl\u00e9matique sur les voitures radiocommand\u00e9es car les moteurs sont puissants et on est toujours en recherche de performance. Ceci est d'autant plus vrai sur nos voitures classiques car :<\/p>\n<p><strong>Il n'y a pas de suspensions<\/strong> : Ce sont des d\u00e9formations du chassis et l'oscillation \u00e9ventuelle du train avant ou du train arri\u00e8re qui assurent la liaison au sol.<\/p>\n<p><strong>Il y a peu d'amortissement<\/strong> : Uniquement celui de la mati\u00e8re des composants qui se d\u00e9forment en fonctionnement (chassis, rondelles caoutchouc ..)<\/p>\n<\/div><\/div><\/div><div id=\"pgc-1983-0-1\"  class=\"panel-grid-cell\" ><div id=\"panel-1983-0-1-0\" class=\"so-panel widget widget_themegrill_flash_image tg-widget tg-image-widget panel-first-child panel-last-child\" data-index=\"1\" >\t<img src=\"http:\/\/rc-contact.fr\/wp-content\/uploads\/2017\/08\/train_fix_anim_opt.gif\" \/>\n<\/div><\/div><\/div><div id=\"pg-1983-1\"  class=\"panel-grid panel-no-style\" ><div id=\"pgc-1983-1-0\"  class=\"panel-grid-cell\" ><div id=\"panel-1983-1-0-0\" class=\"so-panel widget widget_black-studio-tinymce widget_black_studio_tinymce panel-first-child panel-last-child\" data-index=\"2\" ><div class=\"textwidget\"><p>La notion de de tenue de route est assez vague et tr\u00e8s subjective car elle d\u00e9pend en grande partie de l'appr\u00e9ciation du pilote. En effet, une voiture efficace pour un pilote donn\u00e9 peu s'av\u00e9rer impossible \u00e0 contr\u00f4ler pour un autre ! Il est donc pr\u00e9f\u00e9rable pour \u00e9viter tout cot\u00e9 subjectif de parler de \"<strong>comportement<\/strong>\" plut\u00f4t que de tenue de route. Libre \u00e0 chacun, ensuite de pr\u00e9f\u00e9rer tel ou tel type de comportement en fonction de son pilotage.<\/p>\n<\/div><\/div><\/div><\/div><div id=\"pg-1983-2\"  class=\"panel-grid panel-no-style\" ><div id=\"pgc-1983-2-0\"  class=\"panel-grid-cell\" ><div id=\"panel-1983-2-0-0\" class=\"so-panel widget widget_themegrill_flash_service tg-widget tg-single-service panel-first-child panel-last-child\" data-index=\"3\" ><div class=\"panel-widget-style panel-widget-style-for-1983-2-0-0\" >\n<div class=\"tg-service-widget tg-service-layout-1\">\n\t<div class=\"service-wrapper\">\n\t\t<div class=\"service-icon-title-wrapper clearfix\">\n\t\t\t\t\t\t\t\t\t<figure class=\"service-image-wrap\"><img src=\"http:\/\/rc-contact.fr\/wp-content\/uploads\/2017\/08\/tenue_de_route-e1502245142662.jpg\" \/><\/figure>\n\t\t\t\t\t\t\t\t\t<h3 class=\"service-title-wrap\">\n\t\t\t\t\t\t\t\t<a href=\"http:\/\/rc-contact.fr\/?page_id=3481\">\n\t\t\t\tComportements caract\u00e9ristiques\t\t\t\t\t\t\t\t<\/a>\n\t\t\t\t\t\t\t<\/h3>\n\t\t\t\t\t<\/div>\n\t\t\t\t<div class=\"service-content-wrap\">Pour caract\u00e9riser le comportement d'une voiture classique, on parle souvent de survirage, de sous-virage, .....<\/div>\n\t\t\t\t\t\t<a class=\"service-more\" href=\"http:\/\/rc-contact.fr\/?page_id=3481\">Lire la suite<\/a>\n\t\t\t<\/div>\n<\/div>\n<\/div><\/div><\/div><div id=\"pgc-1983-2-1\"  class=\"panel-grid-cell\" ><div id=\"panel-1983-2-1-0\" class=\"so-panel widget widget_themegrill_flash_service tg-widget tg-single-service panel-first-child panel-last-child\" data-index=\"4\" ><div class=\"panel-widget-style panel-widget-style-for-1983-2-1-0\" >\n<div class=\"tg-service-widget tg-service-layout-1\">\n\t<div class=\"service-wrapper\">\n\t\t<div class=\"service-icon-title-wrapper clearfix\">\n\t\t\t\t\t\t\t\t\t<figure class=\"service-image-wrap\"><img src=\"http:\/\/rc-contact.fr\/wp-content\/uploads\/2017\/08\/Chassis_role-e1502466738739.jpg\" \/><\/figure>\n\t\t\t\t\t\t\t\t\t<h3 class=\"service-title-wrap\">\n\t\t\t\t\t\t\t\t<a href=\"http:\/\/rc-contact.fr\/?page_id=2686\">\n\t\t\t\tL&#039;importance du chassis\t\t\t\t\t\t\t\t<\/a>\n\t\t\t\t\t\t\t<\/h3>\n\t\t\t\t\t<\/div>\n\t\t\t\t<div class=\"service-content-wrap\">Le r\u00f4le du chassis est bien s\u00fbr dans un premier temps de supporter les diff\u00e9rents \u00e9l\u00e9ments de la voiture ......<\/div>\n\t\t\t\t\t\t<a class=\"service-more\" href=\"http:\/\/rc-contact.fr\/?page_id=2686\">Lire la suite<\/a>\n\t\t\t<\/div>\n<\/div>\n<\/div><\/div><\/div><div id=\"pgc-1983-2-2\"  class=\"panel-grid-cell\" ><div id=\"panel-1983-2-2-0\" class=\"so-panel widget widget_themegrill_flash_service tg-widget tg-single-service panel-first-child panel-last-child\" data-index=\"5\" ><div class=\"panel-widget-style panel-widget-style-for-1983-2-2-0\" >\n<div class=\"tg-service-widget tg-service-layout-1\">\n\t<div class=\"service-wrapper\">\n\t\t<div class=\"service-icon-title-wrapper clearfix\">\n\t\t\t\t\t\t\t\t\t<figure class=\"service-image-wrap\"><img src=\"http:\/\/rc-contact.fr\/wp-content\/uploads\/2017\/08\/r\u00e9glahges-e1502186596145.jpg\" \/><\/figure>\n\t\t\t\t\t\t\t\t\t<h3 class=\"service-title-wrap\">\n\t\t\t\t\t\t\t\t<a href=\"http:\/\/rc-contact.fr\/?page_id=2575\">\n\t\t\t\tR\u00e9glage d&#039;une voiture classique\t\t\t\t\t\t\t\t<\/a>\n\t\t\t\t\t\t\t<\/h3>\n\t\t\t\t\t<\/div>\n\t\t\t\t<div class=\"service-content-wrap\">Cette rubrique propose 2 approches diff\u00e9rentes de la probl\u00e9matique du r\u00e9glages des voitures Classiques....<\/div>\n\t\t\t\t\t\t<a class=\"service-more\" href=\"http:\/\/rc-contact.fr\/?page_id=2575\">Lire la suite<\/a>\n\t\t\t<\/div>\n<\/div>\n<\/div><\/div><\/div><\/div><\/div>","protected":false},"excerpt":{"rendered":"<p>La tenue de route est souvent une vraie probl\u00e9matique sur les voitures radiocommand\u00e9es car les moteurs sont puissants et on [&hellip;]<\/p>\n","protected":false},"author":1,"featured_media":0,"parent":0,"menu_order":0,"comment_status":"closed","ping_status":"closed","template":"page-templates\/full-width.php","meta":{"ngg_post_thumbnail":0},"_links":{"self":[{"href":"http:\/\/rc-contact.fr\/index.php?rest_route=\/wp\/v2\/pages\/1983"}],"collection":[{"href":"http:\/\/rc-contact.fr\/index.php?rest_route=\/wp\/v2\/pages"}],"about":[{"href":"http:\/\/rc-contact.fr\/index.php?rest_route=\/wp\/v2\/types\/page"}],"author":[{"embeddable":true,"href":"http:\/\/rc-contact.fr\/index.php?rest_route=\/wp\/v2\/users\/1"}],"replies":[{"embeddable":true,"href":"http:\/\/rc-contact.fr\/index.php?rest_route=%2Fwp%2Fv2%2Fcomments&post=1983"}],"version-history":[{"count":115,"href":"http:\/\/rc-contact.fr\/index.php?rest_route=\/wp\/v2\/pages\/1983\/revisions"}],"predecessor-version":[{"id":3719,"href":"http:\/\/rc-contact.fr\/index.php?rest_route=\/wp\/v2\/pages\/1983\/revisions\/3719"}],"wp:attachment":[{"href":"http:\/\/rc-contact.fr\/index.php?rest_route=%2Fwp%2Fv2%2Fmedia&parent=1983"}],"curies":[{"name":"wp","href":"https:\/\/api.w.org\/{rel}","templated":true}]}}