{"id":1970,"date":"2017-08-09T08:23:28","date_gmt":"2017-08-09T08:23:28","guid":{"rendered":"http:\/\/rc-contact.fr\/?page_id=1970"},"modified":"2018-04-05T17:03:15","modified_gmt":"2018-04-05T17:03:15","slug":"expos-de-voitures-rc","status":"publish","type":"page","link":"http:\/\/rc-contact.fr\/?page_id=1970","title":{"rendered":"Expos de voitures R\/C"},"content":{"rendered":"<div id=\"pl-1970\"  class=\"panel-layout\" ><div id=\"pg-1970-0\"  class=\"panel-grid panel-no-style\" ><div id=\"pgc-1970-0-0\"  class=\"panel-grid-cell\" ><div id=\"panel-1970-0-0-0\" class=\"so-panel widget widget_themegrill_flash_service tg-widget tg-single-service panel-first-child panel-last-child\" data-index=\"0\" ><div class=\"panel-widget-style panel-widget-style-for-1970-0-0-0\" >\n<div class=\"tg-service-widget tg-service-layout-1\">\n\t<div class=\"service-wrapper\">\n\t\t<div class=\"service-icon-title-wrapper clearfix\">\n\t\t\t\t\t\t\t\t\t<figure class=\"service-image-wrap\"><img src=\"http:\/\/rc-contact.fr\/wp-content\/uploads\/2017\/08\/intro3.jpg\" \/><\/figure>\n\t\t\t\t\t\t\t\t\t<h3 class=\"service-title-wrap\">\n\t\t\t\t\t\t\t\t<a href=\"http:\/\/rc-contact.fr\/?page_id=12910\">\n\t\t\t\tCat\u00e9gorie 1\/8\u00e8me Classique (2014-2017)\t\t\t\t\t\t\t\t<\/a>\n\t\t\t\t\t\t\t<\/h3>\n\t\t\t\t\t<\/div>\n\t\t\t\t<div class=\"service-content-wrap\">Cette rubrique expose les principaux mod\u00e8les pr\u00e9sents au Championnat de France \u00e0 partir de 2014 ....<\/div>\n\t\t\t\t\t\t<a class=\"service-more\" href=\"http:\/\/rc-contact.fr\/?page_id=12910\">Lire la suite<\/a>\n\t\t\t<\/div>\n<\/div>\n<\/div><\/div><\/div><div id=\"pgc-1970-0-1\"  class=\"panel-grid-cell\" ><div id=\"panel-1970-0-1-0\" class=\"so-panel widget widget_themegrill_flash_service tg-widget tg-single-service panel-first-child panel-last-child\" data-index=\"1\" ><div class=\"panel-widget-style panel-widget-style-for-1970-0-1-0\" >\n<div class=\"tg-service-widget tg-service-layout-1\">\n\t<div class=\"service-wrapper\">\n\t\t<div class=\"service-icon-title-wrapper clearfix\">\n\t\t\t\t\t\t\t\t\t<figure class=\"service-image-wrap\"><img src=\"http:\/\/rc-contact.fr\/wp-content\/uploads\/2017\/08\/intro1.jpg\" \/><\/figure>\n\t\t\t\t\t\t\t\t\t<h3 class=\"service-title-wrap\">\n\t\t\t\t\t\t\t\t<a href=\"http:\/\/rc-contact.fr\/?page_id=12986\">\n\t\t\t\tCat\u00e9gorie 1\/8\u00e8me piste 4x4 suspensions\t\t\t\t\t\t\t\t<\/a>\n\t\t\t\t\t\t\t<\/h3>\n\t\t\t\t\t<\/div>\n\t\t\t\t<div class=\"service-content-wrap\">Cette rubrique expose certains mod\u00e8les pr\u00e9sents lors de la coupe de France \u00e0 partir de 2017 ....<\/div>\n\t\t\t\t\t\t<a class=\"service-more\" href=\"http:\/\/rc-contact.fr\/?page_id=12986\">Voir les voitures ...<\/a>\n\t\t\t<\/div>\n<\/div>\n<\/div><\/div><\/div><\/div><div id=\"pg-1970-1\"  class=\"panel-grid panel-no-style\" ><div id=\"pgc-1970-1-0\"  class=\"panel-grid-cell\" ><div id=\"panel-1970-1-0-0\" class=\"so-panel widget widget_themegrill_flash_service tg-widget tg-single-service panel-first-child panel-last-child\" data-index=\"2\" ><div class=\"panel-widget-style panel-widget-style-for-1970-1-0-0\" >\n<div class=\"tg-service-widget tg-service-layout-1\">\n\t<div class=\"service-wrapper\">\n\t\t<div class=\"service-icon-title-wrapper clearfix\">\n\t\t\t\t\t\t\t\t\t<figure class=\"service-image-wrap\"><img src=\"http:\/\/rc-contact.fr\/wp-content\/uploads\/2017\/08\/intro2.jpg\" \/><\/figure>\n\t\t\t\t\t\t\t\t\t<h3 class=\"service-title-wrap\">\n\t\t\t\t\t\t\t\t<a href=\"http:\/\/rc-contact.fr\/?page_id=7060\">\n\t\t\t\tVoitures R\/C anciennes (1968-2000)\t\t\t\t\t\t\t\t<\/a>\n\t\t\t\t\t\t\t<\/h3>\n\t\t\t\t\t<\/div>\n\t\t\t\t<div class=\"service-content-wrap\">Voici quelques mod\u00e8les qui ont marqu\u00e9 l'histoire de la voiture de piste radiocommand\u00e9e...<\/div>\n\t\t\t\t\t\t<a class=\"service-more\" href=\"http:\/\/rc-contact.fr\/?page_id=7060\">Lire la suite<\/a>\n\t\t\t<\/div>\n<\/div>\n<\/div><\/div><\/div><div id=\"pgc-1970-1-1\"  class=\"panel-grid-cell\" ><div id=\"panel-1970-1-1-0\" class=\"so-panel widget widget_themegrill_flash_service tg-widget tg-single-service panel-first-child panel-last-child\" data-index=\"3\" ><div class=\"panel-widget-style panel-widget-style-for-1970-1-1-0\" >\n<div class=\"tg-service-widget tg-service-layout-1\">\n\t<div class=\"service-wrapper\">\n\t\t<div class=\"service-icon-title-wrapper clearfix\">\n\t\t\t\t\t\t\t\t\t<figure class=\"service-image-wrap\"><img src=\"http:\/\/rc-contact.fr\/wp-content\/uploads\/2017\/08\/intro4.jpg\" \/><\/figure>\n\t\t\t\t\t\t\t\t\t<h3 class=\"service-title-wrap\">\n\t\t\t\t\t\t\t\t<a href=\"http:\/\/rc-contact.fr\/?page_id=1221\">\n\t\t\t\tPrototypes\t\t\t\t\t\t\t\t<\/a>\n\t\t\t\t\t\t\t<\/h3>\n\t\t\t\t\t<\/div>\n\t\t\t\t<div class=\"service-content-wrap\">Pour tous ceux qui souhaitent exposer leurs r\u00e9alisations personnelles....<\/div>\n\t\t\t\t\t\t<a class=\"service-more\" href=\"http:\/\/rc-contact.fr\/?page_id=1221\">Lire la suite<\/a>\n\t\t\t<\/div>\n<\/div>\n<\/div><\/div><\/div><\/div><\/div>","protected":false},"excerpt":{"rendered":"<p>Cat\u00e9gorie 1\/8\u00e8me Classique (2014-2017) Cette rubrique expose les principaux mod\u00e8les pr\u00e9sents au Championnat de France \u00e0 partir de 2014 &#8230;. [&hellip;]<\/p>\n","protected":false},"author":1,"featured_media":0,"parent":0,"menu_order":0,"comment_status":"closed","ping_status":"closed","template":"page-templates\/full-width.php","meta":{"ngg_post_thumbnail":0},"_links":{"self":[{"href":"http:\/\/rc-contact.fr\/index.php?rest_route=\/wp\/v2\/pages\/1970"}],"collection":[{"href":"http:\/\/rc-contact.fr\/index.php?rest_route=\/wp\/v2\/pages"}],"about":[{"href":"http:\/\/rc-contact.fr\/index.php?rest_route=\/wp\/v2\/types\/page"}],"author":[{"embeddable":true,"href":"http:\/\/rc-contact.fr\/index.php?rest_route=\/wp\/v2\/users\/1"}],"replies":[{"embeddable":true,"href":"http:\/\/rc-contact.fr\/index.php?rest_route=%2Fwp%2Fv2%2Fcomments&post=1970"}],"version-history":[{"count":75,"href":"http:\/\/rc-contact.fr\/index.php?rest_route=\/wp\/v2\/pages\/1970\/revisions"}],"predecessor-version":[{"id":13012,"href":"http:\/\/rc-contact.fr\/index.php?rest_route=\/wp\/v2\/pages\/1970\/revisions\/13012"}],"wp:attachment":[{"href":"http:\/\/rc-contact.fr\/index.php?rest_route=%2Fwp%2Fv2%2Fmedia&parent=1970"}],"curies":[{"name":"wp","href":"https:\/\/api.w.org\/{rel}","templated":true}]}}